{"id":148,"date":"2025-01-07T14:45:50","date_gmt":"2025-01-07T14:45:50","guid":{"rendered":"https:\/\/maigrirsansregime.net\/?page_id=148"},"modified":"2025-01-07T14:47:30","modified_gmt":"2025-01-07T14:47:30","slug":"mentions-legales","status":"publish","type":"page","link":"https:\/\/maigrirsansregime.net\/?page_id=148","title":{"rendered":"Mentions l\u00e9gales"},"content":{"rendered":"\t\t<div data-elementor-type=\"wp-page\" data-elementor-id=\"148\" class=\"elementor elementor-148\">\n\t\t\t\t\t\t<section class=\"elementor-section elementor-top-section elementor-element elementor-element-2a2577b elementor-section-boxed elementor-section-height-default elementor-section-height-default\" data-id=\"2a2577b\" data-element_type=\"section\" data-e-type=\"section\">\n\t\t\t\t\t\t<div class=\"elementor-container elementor-column-gap-default\">\n\t\t\t\t\t<div class=\"elementor-column elementor-col-100 elementor-top-column elementor-element elementor-element-9f1ccdb\" data-id=\"9f1ccdb\" data-element_type=\"column\" data-e-type=\"column\">\n\t\t\t<div class=\"elementor-widget-wrap elementor-element-populated\">\n\t\t\t\t\t\t<div class=\"elementor-element elementor-element-203daf6 elementor-widget elementor-widget-text-editor\" data-id=\"203daf6\" data-element_type=\"widget\" data-e-type=\"widget\" data-widget_type=\"text-editor.default\">\n\t\t\t\t<div class=\"elementor-widget-container\">\n\t\t\t\t\t\t\t\t\t<div class=\"elementor-element elementor-element-e828f40 elementor-widget elementor-widget-heading\" data-id=\"e828f40\" data-element_type=\"widget\" data-widget_type=\"heading.default\"><div class=\"elementor-widget-container\"><h2 class=\"elementor-heading-title elementor-size-default\"><strong style=\"color: #333333; font-size: 1rem;\">1. \u00c9diteur du site<\/strong><\/h2><\/div><\/div><div class=\"elementor-element elementor-element-53d9b21 elementor-widget elementor-widget-text-editor\" data-id=\"53d9b21\" data-element_type=\"widget\" data-widget_type=\"text-editor.default\"><div class=\"elementor-widget-container\"><p>Le site maigrirsansregime.net est \u00e9dit\u00e9 par :<br \/><strong>Michel Ruche<\/strong><br \/>Coach en d\u00e9veloppement personnel et professionnel<br \/>Adresse : Centre Medical 45 Av Lalanne 64140 Billere<br \/>T\u00e9l\u00e9phone : 06 31 84 80 53<br \/>Email :\u00a0 m.ruche@free.fr<br \/>Num\u00e9ro de SIRET : 43960048700029<br \/><br \/><\/p><p><strong>2. Responsable de la publication<\/strong><br \/>Le responsable de la publication du site est :<br \/><strong>Michel Ruche<\/strong><br \/>Adresse : Centre Medical 45 Av Lalanne 64140 Billere<br \/>Email : m.ruche@free.fr<\/p><p><strong>3. H\u00e9bergeur<\/strong><br \/>Le site maigrirsansregime.ne\u00a0 \u00a0t\u00a0 est h\u00e9berg\u00e9 par :<br \/><strong>Hostinger International Ltd.<\/strong><br \/>Adresse : 61 Lordou Vyronos Street, 6023 Larnaca, Chypre<br \/>Site web :\u00a0<a href=\"https:\/\/www.hostinger.com\/\" target=\"_new\" rel=\"noopener\">www.hostinger.com<\/a><\/p><p><strong>4. Propri\u00e9t\u00e9 intellectuelle<\/strong><br \/>Le contenu du site maigrirsansregime.net (textes, images, logos, vid\u00e9os, etc.) est prot\u00e9g\u00e9 par le droit d\u2019auteur et les droits de propri\u00e9t\u00e9 intellectuelle. Toute reproduction, distribution, modification ou exploitation des \u00e9l\u00e9ments pr\u00e9sents sur ce site sans autorisation pr\u00e9alable est interdite.<\/p><p><strong>5. Donn\u00e9es personnelles<\/strong><br \/>Le site maigrirsansregime.net\u00a0s\u2019engage \u00e0 respecter la confidentialit\u00e9 des donn\u00e9es personnelles de ses utilisateurs et \u00e0 les prot\u00e9ger conform\u00e9ment \u00e0 la l\u00e9gislation en vigueur, notamment la loi Informatique et Libert\u00e9s du 6 janvier 1978 et le R\u00e8glement G\u00e9n\u00e9ral sur la Protection des Donn\u00e9es (RGPD).<br \/>Les informations collect\u00e9es via le formulaire de contact sont destin\u00e9es \u00e0 la gestion de votre demande. Vous disposez d\u2019un droit d\u2019acc\u00e8s, de rectification, de suppression et de portabilit\u00e9 de vos donn\u00e9es.<br \/>Pour exercer vos droits ou pour toute question concernant la gestion de vos donn\u00e9es personnelles, vous pouvez nous contacter \u00e0 l\u2019adresse suivante m.ruche@free.fr.<\/p><p><strong>6. Cookies<\/strong><br \/>Le site utilise des cookies pour am\u00e9liorer l\u2019exp\u00e9rience utilisateur et mesurer l\u2019audience du site. En poursuivant votre navigation sur ce site, vous acceptez l\u2019utilisation des cookies. Vous pouvez d\u00e9sactiver les cookies \u00e0 tout moment via les param\u00e8tres de votre navigateur.<\/p><p><strong>7. Droit applicable et juridiction comp\u00e9tente<\/strong><br \/>Les pr\u00e9sentes mentions l\u00e9gales sont r\u00e9gies par le droit fran\u00e7ais. En cas de litige, les tribunaux fran\u00e7ais seront comp\u00e9tents.<\/p><p><strong>8. Contact<\/strong><br \/>Pour toute question concernant les mentions l\u00e9gales, la gestion des donn\u00e9es personnelles ou toute autre information, vous pouvez nous contacter \u00e0 l\u2019adresse suivante :<br \/><strong>Email :<\/strong>\u00a0m.ruche@free.fr<br \/><strong>T\u00e9l\u00e9phone :<\/strong>\u00a006 31 84 80 53<\/p><\/div><\/div>\t\t\t\t\t\t\t\t<\/div>\n\t\t\t\t<\/div>\n\t\t\t\t\t<\/div>\n\t\t<\/div>\n\t\t\t\t\t<\/div>\n\t\t<\/section>\n\t\t\t\t<\/div>\n\t\t","protected":false},"excerpt":{"rendered":"<p>1. \u00c9diteur du site Le site maigrirsansregime.net est \u00e9dit\u00e9 par :Michel RucheCoach en d\u00e9veloppement personnel et professionnelAdresse : Centre Medical 45 Av Lalanne 64140 BillereT\u00e9l\u00e9phone : 06 31 84 80 53Email :\u00a0 m.ruche@free.frNum\u00e9ro de SIRET : 43960048700029 2. Responsable de la publicationLe responsable de la publication du site est :Michel RucheAdresse : Centre Medical 45 &hellip; <\/p>\n<p class=\"link-more\"><a href=\"https:\/\/maigrirsansregime.net\/?page_id=148\" class=\"more-link\">Continue reading<span class=\"screen-reader-text\"> &#8220;Mentions l\u00e9gales&#8221;<\/span><\/a><\/p>\n","protected":false},"author":1,"featured_media":0,"parent":0,"menu_order":0,"comment_status":"closed","ping_status":"closed","template":"","meta":{"footnotes":""},"class_list":["post-148","page","type-page","status-publish","hentry"],"_links":{"self":[{"href":"https:\/\/maigrirsansregime.net\/index.php?rest_route=\/wp\/v2\/pages\/148","targetHints":{"allow":["GET"]}}],"collection":[{"href":"https:\/\/maigrirsansregime.net\/index.php?rest_route=\/wp\/v2\/pages"}],"about":[{"href":"https:\/\/maigrirsansregime.net\/index.php?rest_route=\/wp\/v2\/types\/page"}],"author":[{"embeddable":true,"href":"https:\/\/maigrirsansregime.net\/index.php?rest_route=\/wp\/v2\/users\/1"}],"replies":[{"embeddable":true,"href":"https:\/\/maigrirsansregime.net\/index.php?rest_route=%2Fwp%2Fv2%2Fcomments&post=148"}],"version-history":[{"count":3,"href":"https:\/\/maigrirsansregime.net\/index.php?rest_route=\/wp\/v2\/pages\/148\/revisions"}],"predecessor-version":[{"id":151,"href":"https:\/\/maigrirsansregime.net\/index.php?rest_route=\/wp\/v2\/pages\/148\/revisions\/151"}],"wp:attachment":[{"href":"https:\/\/maigrirsansregime.net\/index.php?rest_route=%2Fwp%2Fv2%2Fmedia&parent=148"}],"curies":[{"name":"wp","href":"https:\/\/api.w.org\/{rel}","templated":true}]}}