{"id":29,"date":"2020-06-11T09:07:47","date_gmt":"2020-06-11T09:07:47","guid":{"rendered":"http:\/\/maigrirsansregime.net\/?page_id=29"},"modified":"2020-06-12T12:48:06","modified_gmt":"2020-06-12T12:48:06","slug":"michel-ruche-neuro-comportementaliste","status":"publish","type":"page","link":"https:\/\/maigrirsansregime.net\/?page_id=29","title":{"rendered":"Michel Ruche, neuro-comportementaliste"},"content":{"rendered":"\n<p>Je suis&nbsp;<strong>coach neuro comportementaliste en nutrition\u00ae<\/strong>&nbsp;agr\u00e9\u00e9 sur la ville de&nbsp;<strong>PAU\/Pyr\u00e9n\u00e9es atlantiques<\/strong>, form\u00e9 m\u00e9thode Meer. <\/p>\n\n\n\n<p>Dans le cadre d&#8217;un partenariat exclusif je dispense une m\u00e9thode innovante, \u00e9prouv\u00e9e, recommand\u00e9e par des m\u00e9decins, naturelle et compl\u00e8te pour&nbsp;<strong>maigrir durablement et g\u00e9rer les troubles du comportement alimentaires (TCA)<\/strong>.<\/p>\n\n\n\n<h2 class=\"wp-block-heading\">Pourquoi un coach&nbsp; ?<\/h2>\n\n\n\n<blockquote class=\"wp-block-quote is-layout-flow wp-block-quote-is-layout-flow\"><p>Choisir l&#8217;accompagnement d&#8217;un coach neuro-comportementaliste en nutrition\u00ae c&#8217;est&nbsp;<strong>vous assurer d&#8217;un suivi qui tient compte de votre profil sp\u00e9cifique<\/strong>, le coach vous r\u00e9apprend \u00e0&nbsp;<strong>retrouver votre vrai faim et votre sati\u00e9t\u00e9<\/strong>, il met tout en \u0153uvre jour apr\u00e8s jour afin de changer les comportements qui vous poussent \u00e0 manger.&nbsp;<br>Vous pouvez choisir d\u2019exp\u00e9rimenter dans votre vie ce que vous souhaitez devenir dans le monde.<br>Les situations rencontr\u00e9es par chacun peuvent-\u00eatre tr\u00e8s vari\u00e9es mais vous pouvez d\u00e9cider de changer, de vous am\u00e9liorer, pour ne plus alimenter que ce qui vous fait du bien dans la vie, en respectant votre corps pour lui redonner sa vraie place et du bien-\u00eatre durable.<\/p><p><br>Lors de la premi\u00e8re consultation vous d\u00e9couvrirez le concept bas\u00e9 en partie sur la m\u00e9thode Meer et mon approche personnelle.  <\/p><p>Les premiers conseils utiles \u00e0 votre exp\u00e9rience vous seront donn\u00e9s, puis ensemble nous faisons un bilan afin de mettre en place vos objectifs et vos attentes \u00e0 l&#8217;int\u00e9rieur d&#8217;une proposition de suivi d&#8217;accompagnement.<\/p><\/blockquote>\n\n\n\n<figure class=\"wp-block-embed-youtube wp-block-embed is-type-video is-provider-youtube wp-embed-aspect-16-9 wp-has-aspect-ratio\"><div class=\"wp-block-embed__wrapper\">\nhttps:\/\/www.youtube.com\/watch?v=6JHI0une9CA\n<\/div><\/figure>\n","protected":false},"excerpt":{"rendered":"<p>Je suis&nbsp;coach neuro comportementaliste en nutrition\u00ae&nbsp;agr\u00e9\u00e9 sur la ville de&nbsp;PAU\/Pyr\u00e9n\u00e9es atlantiques, form\u00e9 m\u00e9thode Meer. Dans le cadre d&#8217;un partenariat exclusif je dispense une m\u00e9thode innovante, \u00e9prouv\u00e9e, recommand\u00e9e par des m\u00e9decins, naturelle et compl\u00e8te pour&nbsp;maigrir durablement et g\u00e9rer les troubles du comportement alimentaires (TCA). Pourquoi un coach&nbsp; ? Choisir l&#8217;accompagnement d&#8217;un coach neuro-comportementaliste en nutrition\u00ae c&#8217;est&nbsp;vous &hellip; <\/p>\n<p class=\"link-more\"><a href=\"https:\/\/maigrirsansregime.net\/?page_id=29\" class=\"more-link\">Continue reading<span class=\"screen-reader-text\"> &#8220;Michel Ruche, neuro-comportementaliste&#8221;<\/span><\/a><\/p>\n","protected":false},"author":1,"featured_media":0,"parent":0,"menu_order":0,"comment_status":"closed","ping_status":"closed","template":"","meta":{"footnotes":""},"class_list":["post-29","page","type-page","status-publish","hentry"],"_links":{"self":[{"href":"https:\/\/maigrirsansregime.net\/index.php?rest_route=\/wp\/v2\/pages\/29","targetHints":{"allow":["GET"]}}],"collection":[{"href":"https:\/\/maigrirsansregime.net\/index.php?rest_route=\/wp\/v2\/pages"}],"about":[{"href":"https:\/\/maigrirsansregime.net\/index.php?rest_route=\/wp\/v2\/types\/page"}],"author":[{"embeddable":true,"href":"https:\/\/maigrirsansregime.net\/index.php?rest_route=\/wp\/v2\/users\/1"}],"replies":[{"embeddable":true,"href":"https:\/\/maigrirsansregime.net\/index.php?rest_route=%2Fwp%2Fv2%2Fcomments&post=29"}],"version-history":[{"count":5,"href":"https:\/\/maigrirsansregime.net\/index.php?rest_route=\/wp\/v2\/pages\/29\/revisions"}],"predecessor-version":[{"id":77,"href":"https:\/\/maigrirsansregime.net\/index.php?rest_route=\/wp\/v2\/pages\/29\/revisions\/77"}],"wp:attachment":[{"href":"https:\/\/maigrirsansregime.net\/index.php?rest_route=%2Fwp%2Fv2%2Fmedia&parent=29"}],"curies":[{"name":"wp","href":"https:\/\/api.w.org\/{rel}","templated":true}]}}