{"id":31,"date":"2020-06-11T09:05:00","date_gmt":"2020-06-11T09:05:00","guid":{"rendered":"http:\/\/maigrirsansregime.net\/?page_id=31"},"modified":"2020-06-11T11:59:44","modified_gmt":"2020-06-11T11:59:44","slug":"coach-gestion-du-stress","status":"publish","type":"page","link":"https:\/\/maigrirsansregime.net\/?page_id=31","title":{"rendered":"\u00c9motions dysfonctionnelles et stress"},"content":{"rendered":"\n<blockquote class=\"wp-block-quote is-layout-flow wp-block-quote-is-layout-flow\"><p>Pour changer ou diminuer l&#8217;intensit\u00e9 d&#8217;une \u00e9motion dysfonctionnelle qui provoque une souffrance psychologique et donc du stress, il importe avant tout de changer l&#8217;interpr\u00e9tation ou les pens\u00e9es qui influence cette \u00e9motion sans n\u00e9cessairement changer l&#8217;\u00e9v\u00e8nement qui en est la base.<\/p><\/blockquote>\n\n\n\n<p>Aujourd&#8217;hui nous savons scientifiquement que le stress n&#8217;est pas li\u00e9 aux situations ext\u00e9rieures que nous rencontrons mais \u00e0 l&#8217;interpr\u00e9tation que nous en faisons. <\/p>\n\n\n\n<p>Cette interpr\u00e9tation est en g\u00e9n\u00e9ral li\u00e9e a notre fa\u00e7on de penser, \u00e0 ce que nous avons int\u00e9gr\u00e9 depuis notre enfance comme croyances sur la vie et sur nous-m\u00eame. Ce que nous croyons est devenu notre v\u00e9rit\u00e9 mais la question qui subsiste est : cette v\u00e9rit\u00e9 est-elle vraiment r\u00e9elle, en rapport avec des faits ?&nbsp;<\/p>\n\n\n\n<p>Par exemple un enfant \u00e0 qui l&#8217;on a r\u00e9p\u00e9t\u00e9 pendant toute son enfance qu&#8217;il \u00e9tait idiot deviendra probablement un \u00e9tudiant qui aura des \u00e9checs aux examens par manque de confiance en lui.<br>Pour cet \u00e9tudiant la croyance &#8220;je suis un idiot&#8221; est \u00e0 travailler afin qu&#8217;il puisse&nbsp; construire sa vie sans cette entrave qui l&#8217;emp\u00eache d&#8217;avancer.&nbsp;<\/p>\n\n\n\n<h1 class=\"wp-block-heading\">Le stress : la cons\u00e9quence d&#8217;un trop plein d&#8217;\u00e9motions&nbsp;<\/h1>\n\n\n\n<p>Nous sommes tous de plus en plus conscients de l&#8217;omnipr\u00e9sence du stress dans nos modes de vie actuels et pourtant nous ne savons pas grand chose \u00e0 ce sujet, car ni l&#8217;\u00e9cole, ni la famille ou la soci\u00e9t\u00e9 ne nous apprennent comment g\u00e9rer le stress !<\/p>\n\n\n\n<p><br>Qu\u2019il soit li\u00e9 \u00e0 notre vie quotidienne, \u00e0 des \u00e9v\u00e8nements pr\u00e9cis de notre pass\u00e9 ou encore \u00e0 des causes inconscientes, notre stress est g\u00e9n\u00e9r\u00e9 par des \u00e9motions non r\u00e9solues et se transforme en tensions dans notre organisme, pouvant g\u00e9n\u00e9rer de simples douleurs, mais aussi des troubles psychosomatiques ou psychologiques et finir potentiellement en maladies.&nbsp;<br><br>Les sympt\u00f4mes ne sont pas les m\u00eames pour tout le monde et une m\u00eame \u00e9motion peut, selon les personnes, donner lieu \u00e0 n\u2019importe quelle sensation dans n\u2019importe quelle partie du corps, on appelle cela une empreinte sensorielle.<br><br><strong><em>Toutes nos \u00e9motions passent par le corps au niveau des ressentis.<\/em><\/strong><em><br>Au risque de les refouler et de leur donner encore plus de puissance, elles doivent \u00eatre v\u00e9cues comme un processus utile, n\u00e9cessaire et qui se r\u00e9gule de lui-m\u00eame si on lui donne l&#8217;occasion de s&#8217;exprimer sans jugement, en toute bienveillance.<\/em><\/p>\n\n\n\n<h2 class=\"wp-block-heading\">A&nbsp;<strong>QUOI SERVENT LES \u00c9MOTIONS ?<\/strong><\/h2>\n\n\n\n<ul class=\"wp-block-list\"><li>Les \u00e9motions agr\u00e9ables plaisent \u00e0 la personne et sont le plus souvent utiles.<\/li><li>Les \u00e9motions d\u00e9sagr\u00e9ables fonctionnelles d\u00e9plaisent \u00e0 la personne mais sont elles aussi le plus souvent utiles.<\/li><li>Les \u00e9motions d\u00e9sagr\u00e9ables deviennent dysfonctionnelles lorsqu\u2019elles sont trop intenses, trop fr\u00e9quentes ou si elles durent trop longtemps compte tenu du contexte dans lequel elles surviennent. Elles nuisent donc au bon fonctionnement de l\u2019individu qui les \u00e9prouve.<\/li><li><strong>Peut-\u00eatre pouvons-nous les voir aussi comme des alli\u00e9es : elles nous donnent de pr\u00e9cieuses indications sur notre \u00e9tat d&#8217;\u00eatre et ce qu&#8217;il faut traiter en priorit\u00e9.<\/strong>&nbsp;&nbsp;<\/li><\/ul>\n\n\n\n<h3 class=\"wp-block-heading\">QUAND LE STRESS DEVIENT CHRONIQUE&#8230; L&#8217;ADDICTION N&#8217;EST PAS LOIN<\/h3>\n\n\n\n<p>Pour faire face au maintien sous tension de notre organisme nous surproduisons l\u2019hormone de cortisol en sachant qu\u2019elle d\u00e9veloppe \u00e9galement un&nbsp;<strong>impact n\u00e9gatif&nbsp;<\/strong>sur plusieurs fonctions physiologiques comme&nbsp;<strong>l\u2019hypertension&nbsp; art\u00e9rielle, le fonctionnement du syst\u00e8me immunitaire, la digestion, les perceptions de faim et de sati\u00e9t\u00e9 et donc la prise de poids<\/strong>\u2026 Une envie irr\u00e9pressible de sucre, de chocolat ou autres aliments hyper caloriques se fait ressentir pour apaiser ou combler les tensions, nous n\u2019y pouvons rien nous compensons l\u2019\u00e9norme besoin en \u00e9nergie que n\u00e9cessite la s\u00e9cr\u00e9tion en surabondance du cortisol et de plus, l\u2019apaisement ne sera que temporaire, les signaux de faim reviendront tr\u00e8s rapidement si nos stress ne baissent pas.<\/p>\n\n\n\n<p>Pour \u00eatre encore plus clair, les compulsions alimentaires permettent de r\u00e9pondre au stress devenus chroniques qui n\u00e9cessitent un apport d\u2019\u00e9nergie important.&nbsp;<\/p>\n\n\n\n<h3 class=\"wp-block-heading\"><strong>Liens entre les \u00e9v\u00e8nements, les pens\u00e9es et les \u00e9motions.<\/strong><\/h3>\n\n\n\n<p>Comme je vous l&#8217;ai dit, nos \u00e9motions, nos stress r\u00e9sultent avant tout de nos interpr\u00e9tations (pens\u00e9es, croyances, perceptions, conceptions) plut\u00f4t que des \u00e9v\u00e8nements en eux-m\u00eames.<br><br><strong>\u00c9V\u00c8NEMENT<\/strong>&nbsp; \u25ac\u25ba&nbsp;<strong>PENS\u00c9ES (interpr\u00e9tations)<\/strong>&nbsp;\u25ac\u25ba<strong>\u00c9MOTIONS<\/strong><br><br><em>Exemple:<\/em><br><strong><em>\u00c9v\u00e8nement<\/em><\/strong><em>&nbsp;: &#8220;mon enfant est fi\u00e9vreux&#8221;<br><\/em><strong><em>Pens\u00e9e&nbsp;<\/em><\/strong><em>: &#8220;je crains que ce soit une maladie grave, une m\u00e9ningite peut-\u00eatre&#8230;il pourrait garder des s\u00e9quelles ou pire encore&#8230;<br><\/em><strong><em>\u00c9motion<\/em><\/strong><em>&nbsp;: Anxi\u00e9t\u00e9<br><\/em><\/p>\n\n\n\n<h2 class=\"wp-block-heading\">S&#8217;OCCUPER DE SES \u00c9MOTIONS POUR LES ACCEPTER ET S&#8217;EN D\u00c9BARRASSER<\/h2>\n\n\n\n<p>Pour changer ou diminuer l&#8217;intensit\u00e9 d&#8217;une \u00e9motion dysfonctionnelle qui provoque une souffrance psychologique, il importe avant tout de changer l&#8217;interpr\u00e9tation ou les pens\u00e9es qui influence cette \u00e9motion sans n\u00e9cessairement changer l&#8217;\u00e9v\u00e8nement qui en est la base.<br>En th\u00e9rapies cognitivo-comportementales (TCC)&nbsp; on utilise la&nbsp;<strong>restructuration cognitive&nbsp;<\/strong>avec un un ensemble de techniques utilis\u00e9es pour rep\u00e9rer et modifier les cognitions inadapt\u00e9es d&#8217;un sujet (cognitions inadapt\u00e9es que l&#8217;on retrouve dans de nombreux troubles).<\/p>\n\n\n\n<h2 class=\"wp-block-heading\"><strong>Comment faire baisser son niveau de stress ?<\/strong><\/h2>\n\n\n\n<ul class=\"wp-block-list\"><li>En fonction des personnes, dans un premier temps mettez en place une activit\u00e9 physique ou sportive, mod\u00e9r\u00e9e et r\u00e9guli\u00e8re, mieux vaut 10 minutes tous les jours ou 30 minutes deux fois par semaines que 2 heures tous les 15 jours !&nbsp;<\/li><\/ul>\n\n\n\n<ul class=\"wp-block-list\"><li>Prenez l&#8217;air, le soleil et des bains de nature car la nature vous communique son \u00e9nergie apaisante.<\/li><\/ul>\n\n\n\n<ul class=\"wp-block-list\"><li>Accordez plus d&#8217;importance \u00e0 la qualit\u00e9 de votre nourriture, de pr\u00e9f\u00e9rence mangez des aliments naturels et qui n\u00e9cessite de la pr\u00e9paration .<\/li><\/ul>\n\n\n\n<ul class=\"wp-block-list\"><li>Essayez la m\u00e9ditation ou dans un premier temps la coh\u00e9rence cardiaque plus accessible et tr\u00e8s efficace \u00e9galement : notre c\u0153ur de par ses battements cardiaques diffuse son \u00e9nergie au reste du corps, il g\u00e9n\u00e8re un champs \u00e9lectromagn\u00e9tique de r\u00e9sonance qui fait que chaque cellules et chaque organes se mettent synchroniquement \u00e0 l&#8217;unisson. Pendant les exercices de respiration faites en sorte de lui apporter de la joie, de la gratitude et ressentez la chaleur dans la r\u00e9gion du c\u0153ur.<\/li><\/ul>\n\n\n\n<h2 class=\"wp-block-heading\">Ne laissez pas le stress vous dominer, agissez maintenant<\/h2>\n\n\n\n<div id=\"ie_dynamic_widget\" data-base-color=\"\"> <script type=\"text\/javascript\" src=\"https:\/\/www.psychologue.net\/widget\/company_schedule?com=335262&amp;h=973459dd897fd322da7e268f79f03dca&amp;v=10\"><\/script> <\/div>\n","protected":false},"excerpt":{"rendered":"<p>Pour changer ou diminuer l&#8217;intensit\u00e9 d&#8217;une \u00e9motion dysfonctionnelle qui provoque une souffrance psychologique et donc du stress, il importe avant tout de changer l&#8217;interpr\u00e9tation ou les pens\u00e9es qui influence cette \u00e9motion sans n\u00e9cessairement changer l&#8217;\u00e9v\u00e8nement qui en est la base. Aujourd&#8217;hui nous savons scientifiquement que le stress n&#8217;est pas li\u00e9 aux situations ext\u00e9rieures que nous &hellip; <\/p>\n<p class=\"link-more\"><a href=\"https:\/\/maigrirsansregime.net\/?page_id=31\" class=\"more-link\">Continue reading<span class=\"screen-reader-text\"> &#8220;\u00c9motions dysfonctionnelles et stress&#8221;<\/span><\/a><\/p>\n","protected":false},"author":1,"featured_media":91,"parent":0,"menu_order":0,"comment_status":"closed","ping_status":"closed","template":"elementor_header_footer","meta":{"footnotes":""},"class_list":["post-31","page","type-page","status-publish","has-post-thumbnail","hentry"],"_links":{"self":[{"href":"https:\/\/maigrirsansregime.net\/index.php?rest_route=\/wp\/v2\/pages\/31","targetHints":{"allow":["GET"]}}],"collection":[{"href":"https:\/\/maigrirsansregime.net\/index.php?rest_route=\/wp\/v2\/pages"}],"about":[{"href":"https:\/\/maigrirsansregime.net\/index.php?rest_route=\/wp\/v2\/types\/page"}],"author":[{"embeddable":true,"href":"https:\/\/maigrirsansregime.net\/index.php?rest_route=\/wp\/v2\/users\/1"}],"replies":[{"embeddable":true,"href":"https:\/\/maigrirsansregime.net\/index.php?rest_route=%2Fwp%2Fv2%2Fcomments&post=31"}],"version-history":[{"count":4,"href":"https:\/\/maigrirsansregime.net\/index.php?rest_route=\/wp\/v2\/pages\/31\/revisions"}],"predecessor-version":[{"id":93,"href":"https:\/\/maigrirsansregime.net\/index.php?rest_route=\/wp\/v2\/pages\/31\/revisions\/93"}],"wp:featuredmedia":[{"embeddable":true,"href":"https:\/\/maigrirsansregime.net\/index.php?rest_route=\/wp\/v2\/media\/91"}],"wp:attachment":[{"href":"https:\/\/maigrirsansregime.net\/index.php?rest_route=%2Fwp%2Fv2%2Fmedia&parent=31"}],"curies":[{"name":"wp","href":"https:\/\/api.w.org\/{rel}","templated":true}]}}